{"id":595,"date":"2021-09-20T20:09:32","date_gmt":"2021-09-20T18:09:32","guid":{"rendered":"https:\/\/www.levivier.ch\/home\/"},"modified":"2026-03-06T14:05:04","modified_gmt":"2026-03-06T13:05:04","slug":"home","status":"publish","type":"page","link":"https:\/\/www.levivier.ch\/fr\/","title":{"rendered":"Home"},"content":{"rendered":"\n<section id=\"media-block_054ccae6fa879d8fa2b0740c4bbfc9bc\" class=\"media-text section has-wording\">\n    <div class=\"section-inner fade-up\">\n        <div class=\"row justify-content-between \">\n            <div class=\"col-xs-12 col-sm-6 mb-sm-2r\">\n                <div class='d-flex flex-column h-100 pe-md-5'>                <h2>Ce<br \/>\r\nqui<br \/>\r\nnous<br \/>\r\ndistingue<\/h2>                                                <\/div>            <\/div>\n            <div class=\"col-xs-12 col-sm-6\">\n                <div class=\"d-flex flex-column h-100\">\n                    <div class='d-flex flex-column h-100 ps-md-5 align-with-wording'>                    <h4>Des infrastructures flexibles con\u00e7ues pour les entrepreneurs<\/h4>                    <p>Le Vivier Parc Technologique offre \u00e0 la location des bureaux avec services et des ateliers spacieux. Pens\u00e9es pour les entrepreneurs, nos infrastructures flexibles s&rsquo;adaptent \u00e0 l&rsquo;\u00e9volution des besoins de chaque entreprise.<\/p>\n                                            <div class=\"link-wrapper mt-auto\">\n                            <a class=\"link-btn link-icon icon-right\" target=\"\" href=\"https:\/\/www.levivier.ch\/fr\/parc-technologique\/\">\n                                Parc technologique                                <svg xmlns=\"http:\/\/www.w3.org\/2000\/svg\" viewBox=\"0 0 25 25\">\n                                    <g class=\"btn-right\">\n                                        <g>\n                                            <path d=\"M25,0V25H0V0ZM24,1H1V24H24V1\" style=\"fill:#f07561\" \/>\n                                            <path d=\"M18.65,12.84a.63.63,0,0,0,0-1L11.91,6.21h-2l6.56,5.51H3.15V13H16.5L9.94,18.5h2Z\" style=\"fill:#f07561\" \/>\n                                        <\/g>\n                                    <\/g>\n                                <\/svg>\n                            <\/a>\n                        <\/div>\n                                        <\/div>                <\/div>\n            <\/div>\n        <\/div>\n    <\/div>\n<\/section>\n\n\n<div style=\"height:30px\" aria-hidden=\"true\" class=\"wp-block-spacer\"><\/div>\n\n\n\n<section id=\"media-block_8f7e7701c3522bd070ac22250f6d8b57\" class=\"media-text section\">\n    <div class=\"section-inner \">\n        <div class=\"row justify-content-between \">\n            <div class=\"col-xs-12 col-sm-6 mb-sm-2r\">\n                <div class='d-flex flex-column h-100 pe-md-5'>                                <img src='https:\/\/www.levivier.ch\/wp-content\/uploads\/2021\/11\/topics-homepage-home-for-innovators-768x470.jpg' width='768px' height='470px' \/>                                <\/div>            <\/div>\n            <div class=\"col-xs-12 col-sm-6\">\n                <div class=\"d-flex flex-column h-100\">\n                    <div class='d-flex flex-column h-100 ps-md-5'>                    <h4>Un lieu pour les innovateurs du g\u00e9nie industriel<\/h4>                    <p>Le Vivier accueille une concentration de start-up et d&rsquo;entreprises d\u00e9sireuses de fa\u00e7onner le g\u00e9nie industriel de demain.<\/p>\n                                            <div class=\"link-wrapper mt-auto\">\n                            <a class=\"link-btn link-icon icon-right\" target=\"\" href=\"https:\/\/www.levivier.ch\/fr\/parc-technologique\/\">\n                                Parc technologique                                <svg xmlns=\"http:\/\/www.w3.org\/2000\/svg\" viewBox=\"0 0 25 25\">\n                                    <g class=\"btn-right\">\n                                        <g>\n                                            <path d=\"M25,0V25H0V0ZM24,1H1V24H24V1\" style=\"fill:#f07561\" \/>\n                                            <path d=\"M18.65,12.84a.63.63,0,0,0,0-1L11.91,6.21h-2l6.56,5.51H3.15V13H16.5L9.94,18.5h2Z\" style=\"fill:#f07561\" \/>\n                                        <\/g>\n                                    <\/g>\n                                <\/svg>\n                            <\/a>\n                        <\/div>\n                                        <\/div>                <\/div>\n            <\/div>\n        <\/div>\n    <\/div>\n<\/section>\n\n\n<div style=\"height:50px\" aria-hidden=\"true\" class=\"wp-block-spacer\"><\/div>\n\n\n\n<section id=\"media-block_b9e322652d8a4d82e4b7f41e610446b0\" class=\"media-text section\">\n    <div class=\"section-inner \">\n        <div class=\"row justify-content-between \">\n            <div class=\"col-xs-12 col-sm-6 mb-sm-2r\">\n                <div class='d-flex flex-column h-100 pe-md-5'>                                <img src='https:\/\/www.levivier.ch\/wp-content\/uploads\/2021\/11\/topics-homepage-environment-768x470.jpg' width='768px' height='470px' \/>                                <\/div>            <\/div>\n            <div class=\"col-xs-12 col-sm-6\">\n                <div class=\"d-flex flex-column h-100\">\n                    <div class='d-flex flex-column h-100 ps-md-5'>                    <h4>Un environnement qui favorise la r\u00e9ussite<\/h4>                    <p>Le Vivier offre une association parfaite de dynamisme professionnel, d&rsquo;avantages \u00e9conomiques et de bien-\u00eatre individuel.<\/p>\n                                            <div class=\"link-wrapper mt-auto\">\n                            <a class=\"link-btn link-icon icon-right\" target=\"\" href=\"https:\/\/www.levivier.ch\/fr\/parc-technologique\/\">\n                                Parc technologique                                <svg xmlns=\"http:\/\/www.w3.org\/2000\/svg\" viewBox=\"0 0 25 25\">\n                                    <g class=\"btn-right\">\n                                        <g>\n                                            <path d=\"M25,0V25H0V0ZM24,1H1V24H24V1\" style=\"fill:#f07561\" \/>\n                                            <path d=\"M18.65,12.84a.63.63,0,0,0,0-1L11.91,6.21h-2l6.56,5.51H3.15V13H16.5L9.94,18.5h2Z\" style=\"fill:#f07561\" \/>\n                                        <\/g>\n                                    <\/g>\n                                <\/svg>\n                            <\/a>\n                        <\/div>\n                                        <\/div>                <\/div>\n            <\/div>\n        <\/div>\n    <\/div>\n<\/section>\n\n\n<div style=\"height:50px\" aria-hidden=\"true\" class=\"wp-block-spacer\"><\/div>\n\n\n\n<section id=\"media-block_99ed6a06ba022e53fab858aaa74cf048\" class=\"media-text section has-wording\">\n    <div class=\"section-inner \">\n        <div class=\"row justify-content-between \">\n            <div class=\"col-xs-12 col-sm-6 mb-sm-2r\">\n                <div class='d-flex flex-column h-100 pe-md-5'>                <h2>Un<br \/>\r\nlieu<br \/>\r\npour<br \/>\r\nprosp\u00e9rer<\/h2>                                                <\/div>            <\/div>\n            <div class=\"col-xs-12 col-sm-6\">\n                <div class=\"d-flex flex-column h-100\">\n                    <div class='d-flex flex-column h-100 ps-md-5 align-with-wording'>                    <h4>Infrastructures et services<\/h4>                    <p>Nos espaces de bureaux \u00e0 la conception \u00e9l\u00e9gante et nos ateliers industriels fonctionnels sont lumineux et dot\u00e9s de finitions de grande qualit\u00e9.<\/p>\n<p>Tous les espaces sont modulaires et \u00e9voluent avec votre entreprise.<\/p>\n<p>Pour un meilleur confort, nous vous proposons une large gamme de services gratuits.<\/p>\n                                            <div class=\"link-wrapper mt-auto\">\n                            <a class=\"link-btn link-icon icon-right\" target=\"\" href=\"https:\/\/www.levivier.ch\/fr\/parc-technologique\/\">\n                                Parc technologique                                <svg xmlns=\"http:\/\/www.w3.org\/2000\/svg\" viewBox=\"0 0 25 25\">\n                                    <g class=\"btn-right\">\n                                        <g>\n                                            <path d=\"M25,0V25H0V0ZM24,1H1V24H24V1\" style=\"fill:#f07561\" \/>\n                                            <path d=\"M18.65,12.84a.63.63,0,0,0,0-1L11.91,6.21h-2l6.56,5.51H3.15V13H16.5L9.94,18.5h2Z\" style=\"fill:#f07561\" \/>\n                                        <\/g>\n                                    <\/g>\n                                <\/svg>\n                            <\/a>\n                        <\/div>\n                                        <\/div>                <\/div>\n            <\/div>\n        <\/div>\n    <\/div>\n<\/section>\n\n\n<div style=\"height:50px\" aria-hidden=\"true\" class=\"wp-block-spacer\"><\/div>\n\n\n\n<section id=\"media-block_b20b39e58f2685e4cddb5842b0368509\" class=\"media-text section\">\n    <div class=\"section-inner \">\n        <div class=\"row justify-content-between \">\n            <div class=\"col-xs-12 col-sm-6 mb-sm-2r\">\n                <div class='d-flex flex-column h-100 pe-md-5'>                                <img src='https:\/\/www.levivier.ch\/wp-content\/uploads\/2021\/09\/office-768x466.jpg' width='768px' height='466px' \/>                                <\/div>            <\/div>\n            <div class=\"col-xs-12 col-sm-6\">\n                <div class=\"d-flex flex-column h-100\">\n                    <div class='d-flex flex-column h-100 ps-md-5'>                                        <h4><span style=\"color: #f07561;\"><a style=\"color: #f07561;\" href=\"https:\/\/www.levivier.ch\/technology-park\/#individual-office\">Bureau individuel<\/a><\/span><\/h4>\n<h4><span style=\"color: #f07561;\"><a style=\"color: #f07561;\" href=\"https:\/\/www.levivier.ch\/technology-park\/#open-space-office\">Bureau en open space<\/a><\/span><\/h4>\n<h4><span style=\"color: #f07561;\"><a style=\"color: #f07561;\" href=\"https:\/\/www.levivier.ch\/technology-park\/#lightweight-workshop\">Atelier petits travaux<\/a><\/span><\/h4>\n<h4><a href=\"https:\/\/www.levivier.ch\/technology-park\/#heavyweight-workshop\"><span style=\"color: #f07561;\">Atelier gros travaux<\/span><\/a><\/h4>\n                                        <\/div>                <\/div>\n            <\/div>\n        <\/div>\n    <\/div>\n<\/section>\n\n\n<div style=\"height:50px\" aria-hidden=\"true\" class=\"wp-block-spacer\"><\/div>\n\n\n\n<section id=\"media-block_f436ce7cfb8767c51aae3a3044d9cd30\" class=\"media-text section has-wording\">\n    <div class=\"section-inner fade-in\">\n        <div class=\"row justify-content-between \">\n            <div class=\"col-xs-12 col-sm-6 mb-sm-2r\">\n                <div class='d-flex flex-column h-100 pe-md-5'>                <h2>Un p\u00f4le<br \/>\r\npour<br \/>\r\nl&rsquo;innovation<br \/>\r\nindustrielle<\/h2>                                                <\/div>            <\/div>\n            <div class=\"col-xs-12 col-sm-6\">\n                <div class=\"d-flex flex-column h-100\">\n                    <div class='d-flex flex-column h-100 ps-md-5 align-with-wording'>                                        <p>Vous souhaitez proposer aux acteurs cl\u00e9s de l&rsquo;industrie des solutions de g\u00e9nie industriel innovantes ? Notre \u00e9cosyst\u00e8me unique regroupe des entrepreneurs qui partagent les m\u00eames id\u00e9es, ce qui permet de b\u00e9n\u00e9ficier d&rsquo;un environnement propice aux synergies et \u00e0 la prosp\u00e9rit\u00e9 des entreprises.<\/p>\n                                            <div class=\"link-wrapper mt-auto\">\n                            <a class=\"link-btn link-icon icon-right\" target=\"\" href=\"https:\/\/www.levivier.ch\/technology-park\/\">\n                                Parc technologique                                <svg xmlns=\"http:\/\/www.w3.org\/2000\/svg\" viewBox=\"0 0 25 25\">\n                                    <g class=\"btn-right\">\n                                        <g>\n                                            <path d=\"M25,0V25H0V0ZM24,1H1V24H24V1\" style=\"fill:#f07561\" \/>\n                                            <path d=\"M18.65,12.84a.63.63,0,0,0,0-1L11.91,6.21h-2l6.56,5.51H3.15V13H16.5L9.94,18.5h2Z\" style=\"fill:#f07561\" \/>\n                                        <\/g>\n                                    <\/g>\n                                <\/svg>\n                            <\/a>\n                        <\/div>\n                                        <\/div>                <\/div>\n            <\/div>\n        <\/div>\n    <\/div>\n<\/section>\n\n\n<p><\/p>\n\n\n\n<div style=\"height:30px\" aria-hidden=\"true\" class=\"wp-block-spacer\"><\/div>\n\n\n\n    <section id=\"carousel-block_ed568dd90231d19718317c6554899731\" class=\"carousel section\">\n        <div class=\"section-inner\">\n            <div class=\"swiper\" data-items=\"4\" data-items-md=\"4\" data-items-tb=\"3\" data-items-mb=\"2\">\n                <div class=\"swiper-wrapper\">\n                                            <div class=\"swiper-slide\">\n                            <img decoding=\"async\" src=\"https:\/\/www.levivier.ch\/wp-content\/uploads\/2021\/11\/asyril-logo-01-01-300x155.png\" alt=\"\">\n                        <\/div>\n                                            <div class=\"swiper-slide\">\n                            <img decoding=\"async\" src=\"https:\/\/www.levivier.ch\/wp-content\/uploads\/2026\/03\/beg-sa-modifie-300x102.png\" alt=\"\">\n                        <\/div>\n                                            <div class=\"swiper-slide\">\n                            <img decoding=\"async\" src=\"https:\/\/www.levivier.ch\/wp-content\/uploads\/2022\/03\/bionomous-707070-300x95.png\" alt=\"\">\n                        <\/div>\n                                            <div class=\"swiper-slide\">\n                            <img decoding=\"async\" src=\"https:\/\/www.levivier.ch\/wp-content\/uploads\/2021\/12\/cpautomation-logo-web-1-carousel-300x152.png\" alt=\"\">\n                        <\/div>\n                                            <div class=\"swiper-slide\">\n                            <img decoding=\"async\" src=\"https:\/\/www.levivier.ch\/wp-content\/uploads\/2021\/11\/cp-recycling-management-logo-1-300x120.png\" alt=\"\">\n                        <\/div>\n                                            <div class=\"swiper-slide\">\n                            <img decoding=\"async\" src=\"https:\/\/www.levivier.ch\/wp-content\/uploads\/2022\/01\/epos-bw-1.png\" alt=\"\">\n                        <\/div>\n                                            <div class=\"swiper-slide\">\n                            <img decoding=\"async\" src=\"https:\/\/www.levivier.ch\/wp-content\/uploads\/2022\/11\/firecom-swiss-logo-300x78.png\" alt=\"\">\n                        <\/div>\n                                            <div class=\"swiper-slide\">\n                            <img decoding=\"async\" src=\"https:\/\/www.levivier.ch\/wp-content\/uploads\/2022\/03\/hydrotherma-swiss-ecological-technologies-707070-300x95.png\" alt=\"\">\n                        <\/div>\n                                            <div class=\"swiper-slide\">\n                            <img decoding=\"async\" src=\"https:\/\/www.levivier.ch\/wp-content\/uploads\/2022\/03\/logo-kvd-vivier-300x103.png\" alt=\"\">\n                        <\/div>\n                                            <div class=\"swiper-slide\">\n                            <img decoding=\"async\" src=\"https:\/\/www.levivier.ch\/wp-content\/uploads\/2026\/03\/maxinetwork-logo-modifie-300x86.png\" alt=\"\">\n                        <\/div>\n                                            <div class=\"swiper-slide\">\n                            <img decoding=\"async\" src=\"https:\/\/www.levivier.ch\/wp-content\/uploads\/2022\/03\/megimmuno-707070-300x87.png\" alt=\"\">\n                        <\/div>\n                                            <div class=\"swiper-slide\">\n                            <img decoding=\"async\" src=\"https:\/\/www.levivier.ch\/wp-content\/uploads\/2021\/11\/nivalis-group-logo-plan-de-travail-1-copie-2-300x114.png\" alt=\"\">\n                        <\/div>\n                                            <div class=\"swiper-slide\">\n                            <img decoding=\"async\" src=\"https:\/\/www.levivier.ch\/wp-content\/uploads\/2021\/11\/novae-logo-01-300x156.png\" alt=\"\">\n                        <\/div>\n                                            <div class=\"swiper-slide\">\n                            <img decoding=\"async\" src=\"https:\/\/www.levivier.ch\/wp-content\/uploads\/2026\/03\/pakem-logo01-300x86.png\" alt=\"\">\n                        <\/div>\n                                            <div class=\"swiper-slide\">\n                            <img decoding=\"async\" src=\"https:\/\/www.levivier.ch\/wp-content\/uploads\/2021\/11\/regenhu-logo-plan-de-travail-1-300x50.png\" alt=\"\">\n                        <\/div>\n                                            <div class=\"swiper-slide\">\n                            <img decoding=\"async\" src=\"https:\/\/www.levivier.ch\/wp-content\/uploads\/2021\/11\/sech-logo-logo-300x78.png\" alt=\"\">\n                        <\/div>\n                                            <div class=\"swiper-slide\">\n                            <img decoding=\"async\" src=\"https:\/\/www.levivier.ch\/wp-content\/uploads\/2021\/11\/venturi-logo-01-300x111.png\" alt=\"\">\n                        <\/div>\n                                    <\/div>\n                <div class=\"swiper-button-next\"><\/div>\n                <div class=\"swiper-button-prev\"><\/div>\n            <\/div>\n        <\/div>\n    <\/section>\n\n","protected":false},"excerpt":{"rendered":"","protected":false},"author":1,"featured_media":0,"parent":0,"menu_order":0,"comment_status":"closed","ping_status":"closed","template":"","meta":{"_acf_changed":false,"footnotes":""},"class_list":["post-595","page","type-page","status-publish","hentry"],"acf":[],"_links":{"self":[{"href":"https:\/\/www.levivier.ch\/fr\/wp-json\/wp\/v2\/pages\/595","targetHints":{"allow":["GET"]}}],"collection":[{"href":"https:\/\/www.levivier.ch\/fr\/wp-json\/wp\/v2\/pages"}],"about":[{"href":"https:\/\/www.levivier.ch\/fr\/wp-json\/wp\/v2\/types\/page"}],"author":[{"embeddable":true,"href":"https:\/\/www.levivier.ch\/fr\/wp-json\/wp\/v2\/users\/1"}],"replies":[{"embeddable":true,"href":"https:\/\/www.levivier.ch\/fr\/wp-json\/wp\/v2\/comments?post=595"}],"version-history":[{"count":15,"href":"https:\/\/www.levivier.ch\/fr\/wp-json\/wp\/v2\/pages\/595\/revisions"}],"predecessor-version":[{"id":6599,"href":"https:\/\/www.levivier.ch\/fr\/wp-json\/wp\/v2\/pages\/595\/revisions\/6599"}],"wp:attachment":[{"href":"https:\/\/www.levivier.ch\/fr\/wp-json\/wp\/v2\/media?parent=595"}],"curies":[{"name":"wp","href":"https:\/\/api.w.org\/{rel}","templated":true}]}}